{"id":374,"date":"2021-10-25T11:59:14","date_gmt":"2021-10-25T11:59:14","guid":{"rendered":"https:\/\/beequeen33.it\/privacy-policy\/"},"modified":"2022-10-25T14:30:37","modified_gmt":"2022-10-25T14:30:37","slug":"privacy-policy","status":"publish","type":"page","link":"https:\/\/beequeen33.it\/en\/privacy-policy\/","title":{"rendered":"Privacy policy"},"content":{"rendered":"<p>[et_pb_section fb_built=&#8221;1&#8243; _builder_version=&#8221;3.22&#8243;][et_pb_row _builder_version=&#8221;3.25&#8243; background_size=&#8221;initial&#8221; background_position=&#8221;top_left&#8221; background_repeat=&#8221;repeat&#8221;][et_pb_column type=&#8221;4_4&#8243; _builder_version=&#8221;3.25&#8243; custom_padding=&#8221;|||&#8221; custom_padding__hover=&#8221;|||&#8221;][et_pb_post_title meta=&#8221;off&#8221; featured_image=&#8221;off&#8221; _builder_version=&#8221;4.9.10&#8243; _module_preset=&#8221;default&#8221; title_text_color=&#8221;#006467&#8243;][\/et_pb_post_title][et_pb_text _builder_version=&#8221;4.9.10&#8243; text_font=&#8221;|300|||||||&#8221; background_size=&#8221;initial&#8221; background_position=&#8221;top_left&#8221; background_repeat=&#8221;repeat&#8221; custom_padding=&#8221;||20px||false|false&#8221; hover_enabled=&#8221;0&#8243; sticky_enabled=&#8221;0&#8243;]<\/p>\n<h3>Information on the processing of data pursuant to art. 13 of the EU Regulation No. 679\/2016<\/h3>\n<p>This privacy statement pursuant to Article 13 of the EU Regulation 2016\/679 of April 27, 2016 (hereinafter, &#8220;Regulation&#8221;, or also the &#8220;Applicable Legislation&#8221;) is issued to users (hereinafter, the &#8220;Data Subjects&#8221;) of the website www.beequeen33.com (the &#8220;Site&#8221;).<\/p>\n<p>&#8220;Processing of personal data&#8221; means any operation concerning any information relating to an identified or identifiable natural person. For example: first and last name and email address with a &#8220;username&#8221; that can identify a particular individual (andreabianchi@&#8230;.) are considered &#8220;common personal data,&#8221; and collecting, recording, and using them to send you a communication are considered &#8220;processing&#8221; operations, as is storing and sharing them with other parties. In contrast, information about a person&#8217;s health status represents personal data belonging to a special category, which requires specific protection. We encourage you to visit the website of the Personal Data Protection Authority (&#8220;GPDP&#8221;) to find additional information useful for better understanding the subject (https:\/\/www.garanteprivacy.it\/web\/garante-privacy-en\/information-on-the-processing-of-personal-data).<\/p>\n<p>This policy concerns only this Site and not also other websites, portals, sections\/pages\/spaces connected through links, owned by third parties, for which please refer to their respective policies.<\/p>\n<h3>1. Who is the Data Controller<\/h3>\n<p>Bee Queen 33 S.r.l., with registered office in 56121 Pisa, via Gaetano Malasoma 14\/16, VAT number, tax code and registration number with the Register of Companies of Pisa 02355120508 (hereinafter the &#8220;Data controller&#8221;).<\/p>\n<h3>2. Personal data subject to processing<\/h3>\n<p>Through the Site, the Data Controller processes the following personal data collected directly from the Data Subject, if provided by the Data Subject:<\/p>\n<ul>\n<li><strong>Common personal data<\/strong>: first name, last name, gender, e-mail address and any additional data voluntarily provided by the Data Subject.<\/li>\n<\/ul>\n<p>&nbsp;<\/p>\n<h3>3. Purposes of the treatment<\/h3>\n<p>Your personal data will be lawfully processed by the Data Controller in accordance with Article 6 of the Regulations for the following processing purposes:<\/p>\n<ol>\n<li><strong><u>contractual obligations and provision of Services<\/u><\/strong>, to enable you to request, through the contact form on the Site and\/or by e-mail and\/or by telephone, information and\/or quotes on the services provided by the Controller.<\/li>\n<li><strong><u>administrative-accounting purposes<\/u><\/strong>, i.e. to carry out activities of an organizational, administrative, financial and accounting nature, such as internal organizational activities and activities functional to the fulfillment of contractual and pre-contractual obligations;<\/li>\n<li><strong><u>legal obligations<\/u><\/strong>, i.e. to fulfill obligations required by law, authority, regulation or European legislation.<\/li>\n<\/ol>\n<p>The legal basis for the above processing consists in the need to provide the services you may have requested.<\/p>\n<p>The provision of personal data for the above processing purposes is optional but necessary, as failure to provide such data will result in the impossibility for the Data Controller to provide the Services you have requested.<\/p>\n<h3>4. ADDITIONAL PROCESSING PURPOSES: MARKETING (SENDING ADVERTISING MATERIAL, DIRECT SALES AND COMMERCIAL COMMUNICATION, SENDING NEWSLETTERS)<\/h3>\n<p>With your <strong><u>free and optional consent<\/u><\/strong>, some of your personal data (i.e. first name, last name, e-mail address) may also be processed by the Data Controller for marketing purposes (sending advertising material and\/or newsletters, direct sales and commercial communication), i.e. so that the Data Controller can contact you by e-mail to propose products and\/or services offered by the Data Controller and\/or third party companies, present offers, promotions and commercial opportunities.<\/p>\n<p>The legal basis for the above processing is an explicit consent given by you.<\/p>\n<p>In the event that consent is not given, the possibility of using the services referred to in paragraph 3 above and, therefore, the services you have requested will not be affected in any way.<\/p>\n<p>In case of Your consent, You may revoke it at any time by making a request to the Controller in the manner indicated in paragraph 7 below.<\/p>\n<p>You may also easily object to further sending of promotional communications via email by also clicking on the appropriate link for revocation of consent, which is present in each promotional email. Upon effecting your withdrawal of consent, the Data Controller will send you an email to confirm that your consent has been withdrawn.<\/p>\n<p>Please be advised that, following your possible exercise of your right to object to the sending of promotional email communications, it is possible that, for technical and operational reasons (e.g., formation of contact lists already completed shortly before the Holder received your request for objection) you may continue to receive some additional promotional messages. Should you continue to receive promotional messages after 24 hours have elapsed since you exercised your right to object, please report the problem to the Controller, using the contact details set out in Section 8 below.<\/p>\n<h3>5. DATA PROCESSING METHODS AND STORAGE TIMES<\/h3>\n<p>The Data Controller will process your personal data using manual and computerized tools, with logic strictly related to the purposes themselves and, in any case, in such a way as to ensure the security and confidentiality of the data.<\/p>\n<p>Your personal data will be kept for the time necessary to pursue the purposes for which they were acquired. Personal data functional for the fulfillment of legal obligations will also be retained after the term indicated, in compliance with said obligations in accordance with the retention timelines.<\/p>\n<p>In the case of paragraph 4 above, again if you have previously provided your free and optional consent, your personal data will be retained for the time strictly necessary to fulfill the purposes illustrated in the same and, in any case, for no more than twenty-four (24) months.<\/p>\n<h3>6. Scope of communication and dissemination of data<\/h3>\n<p>Your personal data may be disclosed to the employees and\/or collaborators of the Data Controller appointed to provide you with the Services referred to in paragraphs 3 and\/or 4 above who are obliged by law or by contract to confidentiality. These individuals, who have been instructed to do so by the Controller in accordance with Article 29 of the Regulations, will process your data exclusively for the purposes indicated in this notice and in compliance with the provisions of the Applicable Regulations.<\/p>\n<p>Your personal data may also be disclosed to third parties who may process personal data on behalf of the Data Controller as &#8220;External Data Processors&#8221;, such as, by way of example, service providers connected with and\/or consequent to the services you have requested from the Data Controller (e.g., providers of IT, banking, insurance, accounting, tax, fiscal services, etc.).<\/p>\n<p>You have the right to obtain a list of any data processors appointed by the Controller by making a request to the Controller in the manner indicated in paragraph 8 below.<\/p>\n<p>Your personal data will not be transferred outside the European Union.<\/p>\n<h3>7. Cookies used on the Site<\/h3>\n<p>The Site uses cookies only to ensure and facilitate your navigation and enjoyment of the Site and to collect information, in aggregate form, about your visits to and use of the Site. For more information and to read the Site&#8217;s extended cookie policy please click on the following link: <a href=\"https:\/\/beequeen33.it\/cookie-policy\">https:\/\/beequeen33.it\/cookie-policy<\/a>.<\/p>\n<h3>8. Rights of interested parties<\/h3>\n<p>You may exercise the rights guaranteed to Data Subjects by the Applicable Regulations by contacting the Data Controller at the contact details set out below:<\/p>\n<ul>\n<li>By sending a registered letter with return receipt to: Bee Queen 33 S.r.l., 14\/16 Gaetano Malasoma Street, 56121 Pisa;<\/li>\n<li>By sending an ordinary e-mail message to ciao@beequeen33.it;<\/li>\n<li>By sending a certified e-mail message to beequeen33srl@pec.<\/li>\n<\/ul>\n<p>Pursuant to the Applicable Regulations, the Data Controller informs you that you have the right to obtain an indication of (i) the origin of your personal data; (ii) the purposes and methods of processing; (iii) the logic applied in case of processing carried out with the aid of electronic instruments; (iv) the identification details of the Data Controller and the persons in charge; (v) the subjects or categories of subjects to whom your personal data may be communicated or who may become aware of it in their capacity as managers or appointees. In addition, you have the right to obtain:<\/p>\n<p>&nbsp;<\/p>\n<ol>\n<li>Access, updating, rectification or, when interested, integration of data;<\/li>\n<li>the cancellation, transformation into anonymous form or blocking of data processed in violation of the law, including data whose retention is not necessary in relation to the purposes for which the data were collected or subsequently processed;<\/li>\n<li>certification that the operations referred to in letters a) and b) have been brought to the attention, also as regards their content, of those to whom the data have been communicated or disseminated, except where this proves impossible or involves the use of means manifestly disproportionate to the protected right.<\/li>\n<\/ol>\n<p>&nbsp;<\/p>\n<p>In addition, you have:<\/p>\n<ol>\n<li>The right to withdraw consent at any time, if the processing is based on your consent;<\/li>\n<li>(where applicable) the right to data portability (the right to receive all personal data concerning you in a structured, commonly used, machine-readable format), the right to restriction of processing of personal data, and the right to erasure (&#8220;right to be forgotten&#8221;);<\/li>\n<li>the right to object:<\/li>\n<li>in whole or in part, on legitimate grounds, to the processing of personal data concerning you, even if pertinent to the purpose of collection;<\/li>\n<li>in whole or in part, to the processing of personal data concerning you for the purpose of sending advertising materials or direct selling or for carrying out market research or commercial communication;<\/li>\n<\/ol>\n<ul>\n<li>where personal data are processed for direct marketing purposes, at any time, to the processing of your data carried out for that purpose, including profiling insofar as it is related to such direct marketing.<\/li>\n<\/ul>\n<ol>\n<li>if you believe that the processing concerning you violates the Regulation, the right to lodge a complaint with a Supervisory Authority (in the Member State where you normally reside, in the Member State where you work, or in the Member State where the alleged violation occurred). The Italian Supervisory Authority is the Garante per la protezione dei dati personali, based in Piazza Venezia n. 11, 00187 &#8211; Rome (<a href=\"http:\/\/www.garanteprivacy.it\/\">http:\/\/www.garanteprivacy.it\/<\/a>).<\/li>\n<\/ol>\n<p>&nbsp;<\/p>\n<p><em>This privacy policy is effective as of<\/em> 25 October 2022<\/p>\n<p>&nbsp;<\/p>\n<p>[\/et_pb_text][\/et_pb_column][\/et_pb_row][\/et_pb_section]<\/p>\n","protected":false},"excerpt":{"rendered":"<p>Information on the processing of data pursuant to art. 13 of the EU Regulation No. 679\/2016 This privacy statement pursuant to Article 13 of the EU Regulation 2016\/679 of April 27, 2016 (hereinafter, &#8220;Regulation&#8221;, or also the &#8220;Applicable Legislation&#8221;) is issued to users (hereinafter, the &#8220;Data Subjects&#8221;) of the website www.beequeen33.com (the &#8220;Site&#8221;). &#8220;Processing of [&hellip;]<\/p>\n","protected":false},"author":4,"featured_media":0,"parent":0,"menu_order":0,"comment_status":"closed","ping_status":"closed","template":"","meta":{"_et_pb_use_builder":"on","_et_pb_old_content":"<h2>Informativa sul trattamento dei dati ai sensi dell\u2019art. 13 del Regolamento UE n. 679\/2016<\/h2><p>La presente informativa privacy ai sensi dell\u2019art. 13 del Regolamento UE 2016\/679 del 27 aprile 2016 (di seguito, \u201c<strong>Regolamento<\/strong>\u201d, o anche la \u201c<strong>Normativa Applicabile<\/strong>\u201d) viene rilasciata agli utenti (di seguito, gli \u201c<strong>Interessati<\/strong>\u201d) del sito web <a href=\"http:\/\/www.beequeen33.com\">www.beequeen33.com<\/a> (il \u201c<strong>Sito<\/strong>\u201d).<\/p><p>Per <em>\u201ctrattamento di dati personali\u201d<\/em> si intende una qualsiasi operazione riguardante ogni informazione relativa a persona fisica, identificata o identificabile. Per esempio: nome e cognome e indirizzo e-mail con un \u201cnome utente\u201d che pu\u00f2 identificare un determinato soggetto (andreabianchi@....) sono considerati <em>\u201cdati personali comuni\u201d<\/em>, e il fatto di raccoglierli, registrarli e utilizzarli per inviarti una comunicazione sono considerate operazioni di <em>\u201ctrattamento\u201d<\/em>, cos\u00ec come l\u2019archiviazione e la condivisione con altri soggetti. Le informazioni relative allo stato di salute di una persona rappresentano invece dati personali appartenenti ad una categoria particolare, che richiede protezione specifica. Vi invitiamo a visitare il sito web dell\u2019Autorit\u00e0 Garante per la Protezione dei dati personali (\u201cGPDP\u201d) per trovare ulteriori informazioni utili per meglio comprendere il tema (<a href=\"http:\/\/www.garanteprivacy.it\/home\/diritti\">http:\/\/www.garanteprivacy.it\/home\/diritti<\/a>).<\/p><p>La presente informativa riguarda solo questo Sito e non anche altri siti web, portali, sezioni\/pagine\/spazi collegati mediante link, di titolarit\u00e0 di terzi, per cui si rimanda alle rispettive informative.<\/p><h4><strong>1. Chi \u00e8 il Titolare del trattamento<\/strong><\/h4><p><strong>Bee Queen 33 S.r.l.<\/strong>, con sede legale in 56121 Pisa, via Gaetano Malasoma 14\/16, partita IVA, codice fiscale e numero di iscrizione al Registro delle Imprese di Pisa 02355120508 (di seguito il \u201c<strong>Titolare<\/strong>\u201d).<\/p><h4><strong>2. Dati personali oggetto del trattamento<\/strong><\/h4><p>Tramite il Sito, il Titolare tratta i seguenti dati personali raccolti direttamente presso l\u2019Interessato, se forniti da quest\u2019ultimo:<\/p><ul><li><strong>Dati personali comuni: <\/strong>nome, cognome, sesso, indirizzo di posta elettronica ed eventuali ulteriori dati forniti volontariamente dall\u2019interessato.<\/li><\/ul><h4><strong>3. Finalit\u00e0 del trattamento <\/strong><\/h4><p>I Suoi dati personali saranno trattati lecitamente dal Titolare ai sensi dell\u2019art. 6 del Regolamento per le seguenti finalit\u00e0 di trattamento:<\/p><ol><li><strong><u>obblighi contrattuali e fornitura dei Servizi<\/u><\/strong>, per consentirLe di richiedere, tramite il form di contatto presente sul Sito e\/o tramite e-mail e\/o tramite telefono, informazioni e\/o preventivi sui servizi erogati dal Titolare.<\/li><li><strong><u>finalit\u00e0 amministrativo-contabili<\/u><\/strong>, ovvero per svolgere attivit\u00e0 di natura organizzativa, amministrativa, finanziaria e contabile, quali attivit\u00e0 organizzative interne ed attivit\u00e0 funzionali all'adempimento di obblighi contrattuali e precontrattuali;<\/li><li><strong><u>obblighi di legge<\/u><\/strong>, ovvero per adempiere ad obblighi previsti dalla legge, da un\u2019autorit\u00e0, da un regolamento o dalla normativa europea.<\/li><\/ol><p>La base giuridica del trattamento sopra indicato consiste nella necessit\u00e0 di erogare i servizi da Lei eventualmente richiesti.<\/p><p>Il conferimento dei dati personali per le finalit\u00e0 di trattamento sopra indicate \u00e8 facoltativo ma necessario, poich\u00e9 il mancato conferimento degli stessi comporter\u00e0 l\u2019impossibilit\u00e0 per il Titolare di erogare i Servizi da Lei richiesti.<\/p><h4><strong>4. Ulteriori finalit\u00e0 di trattamento: marketing (invio di materiale pubblicitario, vendita diretta e comunicazione commerciale, invio di newsletter)<\/strong><\/h4><p>Con il Suo <strong><u>consenso libero e facoltativo<\/u><\/strong>, alcuni Suoi dati personali (ovvero il nome, il cognome, l'indirizzo e-mail) potranno essere trattati dal Titolare anche per finalit\u00e0 di marketing (invio di materiale e\/o newsletter pubblicitarie, vendita diretta e comunicazione commerciale), ovvero affinch\u00e9 il Titolare possa contattarLa tramite posta elettronica per proporLe prodotti e\/o servizi offerti dal Titolare e\/o da imprese terze, presentare offerte, promozioni ed opportunit\u00e0 commerciali.<\/p><p>La base giuridica del trattamento sopra indicato \u00e8 un consenso esplicito da Lei prestato.<\/p><p>In caso di mancato consenso, la possibilit\u00e0 di usufruire dei servizi di cui al precedente paragrafo 3 e, quindi, dei servizi da Lei richiesti non sar\u00e0 in alcun modo pregiudicata.<\/p><p>In caso di Suo consenso, Lei potr\u00e0 in qualsiasi momento revocare lo stesso, facendone richiesta al Titolare con le modalit\u00e0 indicate al successivo paragrafo 7.<\/p><p>Lei potr\u00e0 inoltre opporsi facilmente ad ulteriori invii di comunicazioni promozionali via email anche cliccando sull'apposito link per la revoca del consenso, che \u00e8 presente in ciascuna email promozionale. Effettuata la revoca del consenso, il Titolare Le invier\u00e0 un messaggio di posta elettronica per confermare l\u2019avvenuta revoca del Suo consenso.<\/p><p>La informiamo che, a seguito dell\u2019eventuale Suo esercizio del diritto di opposizione all'invio di comunicazioni promozionali via email, \u00e8 possibile che, per ragioni tecniche ed operative (es. formazione delle liste di contatto gi\u00e0 completata poco prima della ricezione da parte del Titolare della richiesta di opposizione) Lei continui a ricevere alcuni ulteriori messaggi promozionali. Qualora Lei dovesse continuare a ricevere messaggi promozionali dopo che siano trascorse 24 ore dall\u2019esercizio del diritto di opposizione, si prega di segnalare il problema al Titolare, utilizzando i contatti indicati al successivo paragrafo 7.<\/p><h4><strong>5. Modalit\u00e0 di trattamento e tempi di conservazione dei dati <\/strong><\/h4><p>Il Titolare tratter\u00e0 i Suoi dati personali mediante strumenti manuali ed informatici, con logiche strettamente correlate alle finalit\u00e0 stesse e, comunque, in modo da garantire la sicurezza e la riservatezza dei dati stessi.<\/p><p>I Suoi dati personali saranno conservati per il tempo necessario a perseguire le finalit\u00e0 per i quali gli stessi sono stati acquisiti. I dati personali funzionali all\u2019assolvimento di obblighi di legge saranno conservati anche successivamente al termine indicato, in ottemperanza a detti obblighi nel rispetto delle tempistiche di conservazione.<\/p><p>Nel caso di cui al precedente paragrafo 4, sempre qualora Lei avesse preventivamente fornito il Suo consenso libero e facoltativo, i Suoi dati personali saranno conservati per i tempi strettamente necessari ad espletare le finalit\u00e0 illustrate negli stessi e, in ogni caso, per non pi\u00f9 di ventiquattro (24) mesi.<\/p><h4><strong>6. Ambito di comunicazione e diffusione dei dati<\/strong><\/h4><p>Potranno venire a conoscenza dei Suoi dati personali i dipendenti e\/o collaboratori del Titolare incaricati di fornirLe i Servizi di cui ai precedenti paragrafi 3 e\/o 4 obbligate per legge o per contratto alla riservatezza. Tali soggetti, che sono stati istruiti in tal senso dal Titolare ai sensi dell\u2019articolo 29 del Regolamento, tratteranno i Suoi dati esclusivamente per le finalit\u00e0 indicate nella presente informativa e nel rispetto delle previsioni della Normativa Applicabile.<\/p><p>Potranno inoltre venire a conoscenza dei Suoi dati personali soggetti terzi che potranno trattare dati personali per conto del Titolare in qualit\u00e0 di \u201cResponsabili Esterni del Trattamento\u201d, quali, a titolo esemplificativo, fornitori di servizi connessi e\/o conseguenti ai servizi da Lei richiesti al Titolare (es., \u00a0fornitori di servizi informatici, bancari, assicurativi, contabili, fiscali, tributari, ecc.).<\/p><p>Lei ha il diritto di ottenere una lista degli eventuali responsabili del trattamento nominati dal Titolare, facendone richiesta a quest\u2019ultimo con le modalit\u00e0 indicate al successivo paragrafo 7.<\/p><p>I Suoi dati personali non saranno trasferiti al di fuori dell\u2019Unione Europea.<\/p><h4><strong>7. Cookie utilizzati sul Sito<\/strong><\/h4><p>Il Sito utilizza cookie solo per garantire e agevolare la navigazione e fruizione del Sito e per raccogliere informazioni, in forma aggregata, sulle visite e sull\u2019utilizzo del Sito stesso. Per maggiori informazioni e leggere l\u2019informativa estesa sui cookie del Sito La preghiamo di cliccare al seguente link: <a href=\"https:\/\/beequeen33.it\/cookie-policy\">https:\/\/beequeen33.it\/cookie-policy<\/a><\/p><h4><strong>8. Diritti degli Interessati<\/strong><\/h4><p>Lei potr\u00e0 esercitare i diritti garantiti agli Interessati dalla Normativa Applicabile, contattando il Titolare ai recapiti di seguito indicati:<\/p><ul><li>Inviando una raccomandata a\/r a: Bee Queen 33 S.r.l., via Gaetano Malasoma n. 14\/16, 56121 Pisa;<\/li><li>Inviando un messaggio di posta elettronica ordinari all\u2019indirizzo <a href=\"mailto:ciao@beequeen33.it\">ciao@beequeen33.it<\/a>;<\/li><li>Inviando un messaggio di posta elettronica certificata all\u2019indirizzo beequeen33srl@pec.<\/li><\/ul><p>Ai sensi della Normativa Applicabile, il Titolare informa che Lei ha il diritto di ottenere l'indicazione (i) dell'origine dei Suoi dati personali; (ii) delle finalit\u00e0 e modalit\u00e0 del trattamento; (iii) della logica applicata in caso di trattamento effettuato con l'ausilio di strumenti elettronici; (iv) degli estremi identificativi del Titolare e dei responsabili; (v) dei soggetti o delle categorie di soggetti ai quali i Suoi dati personali possono essere comunicati o che possono venirne a conoscenza in qualit\u00e0 di responsabili o incaricati.<\/p><p>Inoltre, Lei ha il diritto di ottenere:<\/p><ol><li>a) l\u2019<strong>accesso<\/strong>, l'<strong>aggiornamento<\/strong>, la <strong>rettificazione<\/strong> ovvero, quando vi hanno interesse, l'<strong>integrazione<\/strong> dei dati;<\/li><li>b) la <strong>cancellazione<\/strong>, la <strong>trasformazione in forma anonima<\/strong> o il <strong>blocco<\/strong> dei dati trattati in violazione di legge, compresi quelli di cui non \u00e8 necessaria la conservazione in relazione agli scopi per i quali i dati sono stati raccolti o successivamente trattati;<\/li><li>c) l'attestazione che le operazioni di cui alle lettere a) e b) sono state portate a conoscenza, anche per quanto riguarda il loro contenuto, di coloro ai quali i dati sono stati comunicati o diffusi, eccettuato il caso in cui tale adempimento si rivela impossibile o comporta un impiego di mezzi manifestamente sproporzionato rispetto al diritto tutelato.<\/li><\/ol><p>Inoltre, Lei ha:<\/p><ol><li>a) il diritto di <strong>revocare il consenso<\/strong> in qualsiasi momento, qualora il trattamento si basi sul Suo consenso;<\/li><li>b) (ove applicabile) il diritto alla <strong>portabilit\u00e0 dei dati<\/strong> (diritto di ricevere tutti i dati personali che La riguardano in un formato strutturato, di uso comune e leggibile da dispositivo automatico), il diritto alla <strong>limitazione<\/strong> <strong>del<\/strong> <strong>trattamento<\/strong> dei dati personali e il <strong>diritto alla cancellazione<\/strong> (\u201cdiritto all\u2019oblio\u201d);<\/li><li>c) il <strong>diritto di opporsi<\/strong>:<\/li><li>i) in tutto o in parte, per motivi legittimi al trattamento dei dati personali che La riguardano, ancorch\u00e9 pertinenti allo scopo della raccolta;<\/li><li>ii) in tutto o in parte, al trattamento di dati personali che La riguardano a fini di invio di materiale pubblicitario o di vendita diretta o per il compimento di ricerche di mercato o di comunicazione commerciale;<\/li><\/ol><p>iii) qualora i dati personali siano trattati per finalit\u00e0 di marketing diretto, in qualsiasi momento, al trattamento dei Suoi dati effettuato per tale finalit\u00e0, compresa la profilazione nella misura in cui sia connessa a tale marketing diretto.<\/p><ol><li>d) qualora ritenesse che il trattamento che La riguarda violi il Regolamento, il diritto di <strong>proporre reclamo a un\u2019Autorit\u00e0 di controllo <\/strong>(nello Stato membro in cui Lei risiede abitualmente, in quello in cui lavora oppure in quello in cui si \u00e8 verificata la presunta violazione). L\u2019Autorit\u00e0 di controllo italiana \u00e8 il<strong> Garante per la protezione dei dati personali<\/strong>, con sede in Piazza Venezia n. 11, 00187 \u2013 Roma (<a href=\"http:\/\/www.garanteprivacy.it\/\">http:\/\/www.garanteprivacy.it\/<\/a>).<\/li><\/ol><p><strong><u>\u00a0<\/u><\/strong><\/p><p><em>La presente informativa privacy \u00e8 in vigore dal 31\/10\/2021<\/em><\/p><p>\u00a0<\/p>","_et_gb_content_width":""},"_links":{"self":[{"href":"https:\/\/beequeen33.it\/en\/wp-json\/wp\/v2\/pages\/374"}],"collection":[{"href":"https:\/\/beequeen33.it\/en\/wp-json\/wp\/v2\/pages"}],"about":[{"href":"https:\/\/beequeen33.it\/en\/wp-json\/wp\/v2\/types\/page"}],"author":[{"embeddable":true,"href":"https:\/\/beequeen33.it\/en\/wp-json\/wp\/v2\/users\/4"}],"replies":[{"embeddable":true,"href":"https:\/\/beequeen33.it\/en\/wp-json\/wp\/v2\/comments?post=374"}],"version-history":[{"count":5,"href":"https:\/\/beequeen33.it\/en\/wp-json\/wp\/v2\/pages\/374\/revisions"}],"predecessor-version":[{"id":1604,"href":"https:\/\/beequeen33.it\/en\/wp-json\/wp\/v2\/pages\/374\/revisions\/1604"}],"wp:attachment":[{"href":"https:\/\/beequeen33.it\/en\/wp-json\/wp\/v2\/media?parent=374"}],"curies":[{"name":"wp","href":"https:\/\/api.w.org\/{rel}","templated":true}]}}